{"id":27,"date":"2022-06-28T16:58:21","date_gmt":"2022-06-28T14:58:21","guid":{"rendered":"https:\/\/www.wwhydrogen.ca\/?page_id=27"},"modified":"2025-02-27T13:08:55","modified_gmt":"2025-02-27T12:08:55","slug":"scuole","status":"publish","type":"page","link":"https:\/\/www.wwhydrogen.ca\/it\/scuole\/","title":{"rendered":"Scuole"},"content":{"rendered":"\n<h2 class=\"wp-block-heading\">Scuole<\/h2>\n\n\n\n<div style=\"height:20px\" aria-hidden=\"true\" class=\"wp-block-spacer\"><\/div>\n\n\n\n<p><em>\u201cLaudato si\u2019, mi\u2019 Signore, per sora nostra matre Terra, la quale ne sustenta et governa, et produce diversi fructi con coloriti flori et herba\u201d <\/em><\/p>\n\n\n\n<p>San Francesco d\u2019Assisi<\/p>\n","protected":false},"excerpt":{"rendered":"<p>Scuole \u201cLaudato si\u2019, mi\u2019 Signore, per sora nostra matre Terra, la quale ne sustenta et governa, et produce diversi fructi con coloriti flori et herba\u201d San Francesco d\u2019Assisi<\/p>\n","protected":false},"author":1,"featured_media":149,"parent":0,"menu_order":0,"comment_status":"closed","ping_status":"closed","template":"target_page.php","meta":{"_acf_changed":false,"footnotes":""},"class_list":["post-27","page","type-page","status-publish","has-post-thumbnail","hentry"],"acf":[],"yoast_head":"<!-- This site is optimized with the Yoast SEO plugin v27.3 - https:\/\/yoast.com\/product\/yoast-seo-wordpress\/ -->\n<title>Scuole &#8211; World Wide Hydrogen<\/title>\n<meta name=\"description\" content=\"La scuola, di ogni ordine e grado, \u00e8 lo strumento pi\u00f9 potente cui ricorrere per una consapevole gestione della responsabilit\u00e0 \u201cenergetica\u201d che abbiamo con la nostra Terra.\" \/>\n<meta name=\"robots\" content=\"index, follow, max-snippet:-1, max-image-preview:large, max-video-preview:-1\" \/>\n<link rel=\"canonical\" href=\"https:\/\/www.wwhydrogen.ca\/scuole\/\" \/>\n<meta property=\"og:locale\" content=\"it_IT\" \/>\n<meta property=\"og:type\" content=\"article\" \/>\n<meta property=\"og:title\" content=\"Scuole &#8211; World Wide Hydrogen\" \/>\n<meta property=\"og:description\" content=\"La scuola, di ogni ordine e grado, \u00e8 lo strumento pi\u00f9 potente cui ricorrere per una consapevole gestione della responsabilit\u00e0 \u201cenergetica\u201d che abbiamo con la nostra Terra.\" \/>\n<meta property=\"og:url\" content=\"https:\/\/www.wwhydrogen.ca\/scuole\/\" \/>\n<meta property=\"og:site_name\" content=\"World Wide Hydrogen\" \/>\n<meta property=\"article:modified_time\" content=\"2025-02-27T12:08:55+00:00\" \/>\n<meta property=\"og:image\" content=\"https:\/\/www.wwhydrogen.ca\/wp-content\/uploads\/2022\/06\/ivan-aleksic-PDRFeeDniCk-unsplash.jpg\" \/>\n\t<meta property=\"og:image:width\" content=\"1920\" \/>\n\t<meta property=\"og:image:height\" content=\"1080\" \/>\n\t<meta property=\"og:image:type\" content=\"image\/jpeg\" \/>\n<meta name=\"twitter:card\" content=\"summary_large_image\" \/>\n<meta name=\"twitter:label1\" content=\"Tempo di lettura stimato\" \/>\n\t<meta name=\"twitter:data1\" content=\"1 minuto\" \/>\n<script type=\"application\/ld+json\" class=\"yoast-schema-graph\">{\"@context\":\"https:\\\/\\\/schema.org\",\"@graph\":[{\"@type\":\"WebPage\",\"@id\":\"https:\\\/\\\/www.wwhydrogen.ca\\\/scuole\\\/\",\"url\":\"https:\\\/\\\/www.wwhydrogen.ca\\\/scuole\\\/\",\"name\":\"Scuole &#8211; World Wide Hydrogen\",\"isPartOf\":{\"@id\":\"https:\\\/\\\/www.wwhydrogen.ca\\\/#website\"},\"primaryImageOfPage\":{\"@id\":\"https:\\\/\\\/www.wwhydrogen.ca\\\/scuole\\\/#primaryimage\"},\"image\":{\"@id\":\"https:\\\/\\\/www.wwhydrogen.ca\\\/scuole\\\/#primaryimage\"},\"thumbnailUrl\":\"https:\\\/\\\/www.wwhydrogen.ca\\\/wp-content\\\/uploads\\\/2022\\\/06\\\/ivan-aleksic-PDRFeeDniCk-unsplash.jpg\",\"datePublished\":\"2022-06-28T14:58:21+00:00\",\"dateModified\":\"2025-02-27T12:08:55+00:00\",\"description\":\"La scuola, di ogni ordine e grado, \u00e8 lo strumento pi\u00f9 potente cui ricorrere per una consapevole gestione della responsabilit\u00e0 \u201cenergetica\u201d che abbiamo con la nostra Terra.\",\"inLanguage\":\"it-IT\",\"potentialAction\":[{\"@type\":\"ReadAction\",\"target\":[\"https:\\\/\\\/www.wwhydrogen.ca\\\/scuole\\\/\"]}]},{\"@type\":\"ImageObject\",\"inLanguage\":\"it-IT\",\"@id\":\"https:\\\/\\\/www.wwhydrogen.ca\\\/scuole\\\/#primaryimage\",\"url\":\"https:\\\/\\\/www.wwhydrogen.ca\\\/wp-content\\\/uploads\\\/2022\\\/06\\\/ivan-aleksic-PDRFeeDniCk-unsplash.jpg\",\"contentUrl\":\"https:\\\/\\\/www.wwhydrogen.ca\\\/wp-content\\\/uploads\\\/2022\\\/06\\\/ivan-aleksic-PDRFeeDniCk-unsplash.jpg\",\"width\":1920,\"height\":1080},{\"@type\":\"WebSite\",\"@id\":\"https:\\\/\\\/www.wwhydrogen.ca\\\/#website\",\"url\":\"https:\\\/\\\/www.wwhydrogen.ca\\\/\",\"name\":\"World Wide Hydrogen\",\"description\":\"Use Hydrogen to breathe oxygen\",\"publisher\":{\"@id\":\"https:\\\/\\\/www.wwhydrogen.ca\\\/#organization\"},\"potentialAction\":[{\"@type\":\"SearchAction\",\"target\":{\"@type\":\"EntryPoint\",\"urlTemplate\":\"https:\\\/\\\/www.wwhydrogen.ca\\\/?s={search_term_string}\"},\"query-input\":{\"@type\":\"PropertyValueSpecification\",\"valueRequired\":true,\"valueName\":\"search_term_string\"}}],\"inLanguage\":\"it-IT\"},{\"@type\":\"Organization\",\"@id\":\"https:\\\/\\\/www.wwhydrogen.ca\\\/#organization\",\"name\":\"WWH Italia\",\"url\":\"https:\\\/\\\/www.wwhydrogen.ca\\\/\",\"logo\":{\"@type\":\"ImageObject\",\"inLanguage\":\"it-IT\",\"@id\":\"https:\\\/\\\/www.wwhydrogen.ca\\\/#\\\/schema\\\/logo\\\/image\\\/\",\"url\":\"https:\\\/\\\/www.wwhydrogen.ca\\\/wp-content\\\/uploads\\\/2022\\\/08\\\/logo_full.png\",\"contentUrl\":\"https:\\\/\\\/www.wwhydrogen.ca\\\/wp-content\\\/uploads\\\/2022\\\/08\\\/logo_full.png\",\"width\":307,\"height\":156,\"caption\":\"WWH Italia\"},\"image\":{\"@id\":\"https:\\\/\\\/www.wwhydrogen.ca\\\/#\\\/schema\\\/logo\\\/image\\\/\"}}]}<\/script>\n<!-- \/ Yoast SEO plugin. -->","yoast_head_json":{"title":"Scuole &#8211; World Wide Hydrogen","description":"La scuola, di ogni ordine e grado, \u00e8 lo strumento pi\u00f9 potente cui ricorrere per una consapevole gestione della responsabilit\u00e0 \u201cenergetica\u201d che abbiamo con la nostra Terra.","robots":{"index":"index","follow":"follow","max-snippet":"max-snippet:-1","max-image-preview":"max-image-preview:large","max-video-preview":"max-video-preview:-1"},"canonical":"https:\/\/www.wwhydrogen.ca\/scuole\/","og_locale":"it_IT","og_type":"article","og_title":"Scuole &#8211; World Wide Hydrogen","og_description":"La scuola, di ogni ordine e grado, \u00e8 lo strumento pi\u00f9 potente cui ricorrere per una consapevole gestione della responsabilit\u00e0 \u201cenergetica\u201d che abbiamo con la nostra Terra.","og_url":"https:\/\/www.wwhydrogen.ca\/scuole\/","og_site_name":"World Wide Hydrogen","article_modified_time":"2025-02-27T12:08:55+00:00","og_image":[{"width":1920,"height":1080,"url":"https:\/\/www.wwhydrogen.ca\/wp-content\/uploads\/2022\/06\/ivan-aleksic-PDRFeeDniCk-unsplash.jpg","type":"image\/jpeg"}],"twitter_card":"summary_large_image","twitter_misc":{"Tempo di lettura stimato":"1 minuto"},"schema":{"@context":"https:\/\/schema.org","@graph":[{"@type":"WebPage","@id":"https:\/\/www.wwhydrogen.ca\/scuole\/","url":"https:\/\/www.wwhydrogen.ca\/scuole\/","name":"Scuole &#8211; World Wide Hydrogen","isPartOf":{"@id":"https:\/\/www.wwhydrogen.ca\/#website"},"primaryImageOfPage":{"@id":"https:\/\/www.wwhydrogen.ca\/scuole\/#primaryimage"},"image":{"@id":"https:\/\/www.wwhydrogen.ca\/scuole\/#primaryimage"},"thumbnailUrl":"https:\/\/www.wwhydrogen.ca\/wp-content\/uploads\/2022\/06\/ivan-aleksic-PDRFeeDniCk-unsplash.jpg","datePublished":"2022-06-28T14:58:21+00:00","dateModified":"2025-02-27T12:08:55+00:00","description":"La scuola, di ogni ordine e grado, \u00e8 lo strumento pi\u00f9 potente cui ricorrere per una consapevole gestione della responsabilit\u00e0 \u201cenergetica\u201d che abbiamo con la nostra Terra.","inLanguage":"it-IT","potentialAction":[{"@type":"ReadAction","target":["https:\/\/www.wwhydrogen.ca\/scuole\/"]}]},{"@type":"ImageObject","inLanguage":"it-IT","@id":"https:\/\/www.wwhydrogen.ca\/scuole\/#primaryimage","url":"https:\/\/www.wwhydrogen.ca\/wp-content\/uploads\/2022\/06\/ivan-aleksic-PDRFeeDniCk-unsplash.jpg","contentUrl":"https:\/\/www.wwhydrogen.ca\/wp-content\/uploads\/2022\/06\/ivan-aleksic-PDRFeeDniCk-unsplash.jpg","width":1920,"height":1080},{"@type":"WebSite","@id":"https:\/\/www.wwhydrogen.ca\/#website","url":"https:\/\/www.wwhydrogen.ca\/","name":"World Wide Hydrogen","description":"Use Hydrogen to breathe oxygen","publisher":{"@id":"https:\/\/www.wwhydrogen.ca\/#organization"},"potentialAction":[{"@type":"SearchAction","target":{"@type":"EntryPoint","urlTemplate":"https:\/\/www.wwhydrogen.ca\/?s={search_term_string}"},"query-input":{"@type":"PropertyValueSpecification","valueRequired":true,"valueName":"search_term_string"}}],"inLanguage":"it-IT"},{"@type":"Organization","@id":"https:\/\/www.wwhydrogen.ca\/#organization","name":"WWH Italia","url":"https:\/\/www.wwhydrogen.ca\/","logo":{"@type":"ImageObject","inLanguage":"it-IT","@id":"https:\/\/www.wwhydrogen.ca\/#\/schema\/logo\/image\/","url":"https:\/\/www.wwhydrogen.ca\/wp-content\/uploads\/2022\/08\/logo_full.png","contentUrl":"https:\/\/www.wwhydrogen.ca\/wp-content\/uploads\/2022\/08\/logo_full.png","width":307,"height":156,"caption":"WWH Italia"},"image":{"@id":"https:\/\/www.wwhydrogen.ca\/#\/schema\/logo\/image\/"}}]}},"_links":{"self":[{"href":"https:\/\/www.wwhydrogen.ca\/it\/wp-json\/wp\/v2\/pages\/27","targetHints":{"allow":["GET"]}}],"collection":[{"href":"https:\/\/www.wwhydrogen.ca\/it\/wp-json\/wp\/v2\/pages"}],"about":[{"href":"https:\/\/www.wwhydrogen.ca\/it\/wp-json\/wp\/v2\/types\/page"}],"author":[{"embeddable":true,"href":"https:\/\/www.wwhydrogen.ca\/it\/wp-json\/wp\/v2\/users\/1"}],"replies":[{"embeddable":true,"href":"https:\/\/www.wwhydrogen.ca\/it\/wp-json\/wp\/v2\/comments?post=27"}],"version-history":[{"count":4,"href":"https:\/\/www.wwhydrogen.ca\/it\/wp-json\/wp\/v2\/pages\/27\/revisions"}],"predecessor-version":[{"id":542,"href":"https:\/\/www.wwhydrogen.ca\/it\/wp-json\/wp\/v2\/pages\/27\/revisions\/542"}],"wp:featuredmedia":[{"embeddable":true,"href":"https:\/\/www.wwhydrogen.ca\/it\/wp-json\/wp\/v2\/media\/149"}],"wp:attachment":[{"href":"https:\/\/www.wwhydrogen.ca\/it\/wp-json\/wp\/v2\/media?parent=27"}],"curies":[{"name":"wp","href":"https:\/\/api.w.org\/{rel}","templated":true}]}}