{"id":43,"date":"2022-06-28T17:00:06","date_gmt":"2022-06-28T15:00:06","guid":{"rendered":"https:\/\/www.wwhydrogen.ca\/?page_id=43"},"modified":"2025-03-04T11:05:26","modified_gmt":"2025-03-04T10:05:26","slug":"contatti","status":"publish","type":"page","link":"https:\/\/www.wwhydrogen.ca\/it\/contatti\/","title":{"rendered":"Contatti"},"content":{"rendered":"\n<h2 class=\"wp-block-heading\">Raggiungiamo insieme i tuoi obiettivi di efficienza e sostenibilit\u00e0<\/h2>\n\n\n\n<div style=\"height:20px\" aria-hidden=\"true\" class=\"wp-block-spacer\"><\/div>\n\n\n\n<p>Contattaci per ulteriore supporto e per discutere delle opportunit\u00e0 che WWH Italia pu\u00f2 offrirti<\/p>\n","protected":false},"excerpt":{"rendered":"<p>Raggiungiamo insieme i tuoi obiettivi di efficienza e sostenibilit\u00e0 Contattaci per ulteriore supporto e per discutere delle opportunit\u00e0 che WWH Italia pu\u00f2 offrirti<\/p>\n","protected":false},"author":1,"featured_media":415,"parent":0,"menu_order":0,"comment_status":"closed","ping_status":"closed","template":"contatti_page.php","meta":{"_acf_changed":false,"footnotes":""},"class_list":["post-43","page","type-page","status-publish","has-post-thumbnail","hentry"],"acf":[],"yoast_head":"<!-- This site is optimized with the Yoast SEO plugin v27.3 - https:\/\/yoast.com\/product\/yoast-seo-wordpress\/ -->\n<title>Contatti &#8211; World Wide Hydrogen<\/title>\n<meta name=\"description\" content=\"Raggiungiamo insieme i tuoi obiettivi di efficienza e sostenibilit\u00e0. Contattaci per ulteriore supporto e per discutere delle opportunit\u00e0 che WWH Italia pu\u00f2 offrirti\" \/>\n<meta name=\"robots\" content=\"index, follow, max-snippet:-1, max-image-preview:large, max-video-preview:-1\" \/>\n<link rel=\"canonical\" href=\"https:\/\/www.wwhydrogen.ca\/contatti\/\" \/>\n<meta property=\"og:locale\" content=\"it_IT\" \/>\n<meta property=\"og:type\" content=\"article\" \/>\n<meta property=\"og:title\" content=\"Contatti &#8211; World Wide Hydrogen\" \/>\n<meta property=\"og:description\" content=\"Raggiungiamo insieme i tuoi obiettivi di efficienza e sostenibilit\u00e0. Contattaci per ulteriore supporto e per discutere delle opportunit\u00e0 che WWH Italia pu\u00f2 offrirti\" \/>\n<meta property=\"og:url\" content=\"https:\/\/www.wwhydrogen.ca\/contatti\/\" \/>\n<meta property=\"og:site_name\" content=\"World Wide Hydrogen\" \/>\n<meta property=\"article:modified_time\" content=\"2025-03-04T10:05:26+00:00\" \/>\n<meta property=\"og:image\" content=\"https:\/\/www.wwhydrogen.ca\/wp-content\/uploads\/2022\/07\/bruno-thethe-qyhLjwn6Gpc-unsplash-1.jpg\" \/>\n\t<meta property=\"og:image:width\" content=\"1900\" \/>\n\t<meta property=\"og:image:height\" content=\"1876\" \/>\n\t<meta property=\"og:image:type\" content=\"image\/jpeg\" \/>\n<meta name=\"twitter:card\" content=\"summary_large_image\" \/>\n<meta name=\"twitter:label1\" content=\"Tempo di lettura stimato\" \/>\n\t<meta name=\"twitter:data1\" content=\"1 minuto\" \/>\n<script type=\"application\/ld+json\" class=\"yoast-schema-graph\">{\"@context\":\"https:\\\/\\\/schema.org\",\"@graph\":[{\"@type\":\"WebPage\",\"@id\":\"https:\\\/\\\/www.wwhydrogen.ca\\\/contatti\\\/\",\"url\":\"https:\\\/\\\/www.wwhydrogen.ca\\\/contatti\\\/\",\"name\":\"Contatti &#8211; World Wide Hydrogen\",\"isPartOf\":{\"@id\":\"https:\\\/\\\/www.wwhydrogen.ca\\\/#website\"},\"primaryImageOfPage\":{\"@id\":\"https:\\\/\\\/www.wwhydrogen.ca\\\/contatti\\\/#primaryimage\"},\"image\":{\"@id\":\"https:\\\/\\\/www.wwhydrogen.ca\\\/contatti\\\/#primaryimage\"},\"thumbnailUrl\":\"https:\\\/\\\/www.wwhydrogen.ca\\\/wp-content\\\/uploads\\\/2022\\\/07\\\/bruno-thethe-qyhLjwn6Gpc-unsplash-1.jpg\",\"datePublished\":\"2022-06-28T15:00:06+00:00\",\"dateModified\":\"2025-03-04T10:05:26+00:00\",\"description\":\"Raggiungiamo insieme i tuoi obiettivi di efficienza e sostenibilit\u00e0. Contattaci per ulteriore supporto e per discutere delle opportunit\u00e0 che WWH Italia pu\u00f2 offrirti\",\"inLanguage\":\"it-IT\",\"potentialAction\":[{\"@type\":\"ReadAction\",\"target\":[\"https:\\\/\\\/www.wwhydrogen.ca\\\/contatti\\\/\"]}]},{\"@type\":\"ImageObject\",\"inLanguage\":\"it-IT\",\"@id\":\"https:\\\/\\\/www.wwhydrogen.ca\\\/contatti\\\/#primaryimage\",\"url\":\"https:\\\/\\\/www.wwhydrogen.ca\\\/wp-content\\\/uploads\\\/2022\\\/07\\\/bruno-thethe-qyhLjwn6Gpc-unsplash-1.jpg\",\"contentUrl\":\"https:\\\/\\\/www.wwhydrogen.ca\\\/wp-content\\\/uploads\\\/2022\\\/07\\\/bruno-thethe-qyhLjwn6Gpc-unsplash-1.jpg\",\"width\":1900,\"height\":1876},{\"@type\":\"WebSite\",\"@id\":\"https:\\\/\\\/www.wwhydrogen.ca\\\/#website\",\"url\":\"https:\\\/\\\/www.wwhydrogen.ca\\\/\",\"name\":\"World Wide Hydrogen\",\"description\":\"Use Hydrogen to breathe oxygen\",\"publisher\":{\"@id\":\"https:\\\/\\\/www.wwhydrogen.ca\\\/#organization\"},\"potentialAction\":[{\"@type\":\"SearchAction\",\"target\":{\"@type\":\"EntryPoint\",\"urlTemplate\":\"https:\\\/\\\/www.wwhydrogen.ca\\\/?s={search_term_string}\"},\"query-input\":{\"@type\":\"PropertyValueSpecification\",\"valueRequired\":true,\"valueName\":\"search_term_string\"}}],\"inLanguage\":\"it-IT\"},{\"@type\":\"Organization\",\"@id\":\"https:\\\/\\\/www.wwhydrogen.ca\\\/#organization\",\"name\":\"WWH Italia\",\"url\":\"https:\\\/\\\/www.wwhydrogen.ca\\\/\",\"logo\":{\"@type\":\"ImageObject\",\"inLanguage\":\"it-IT\",\"@id\":\"https:\\\/\\\/www.wwhydrogen.ca\\\/#\\\/schema\\\/logo\\\/image\\\/\",\"url\":\"https:\\\/\\\/www.wwhydrogen.ca\\\/wp-content\\\/uploads\\\/2022\\\/08\\\/logo_full.png\",\"contentUrl\":\"https:\\\/\\\/www.wwhydrogen.ca\\\/wp-content\\\/uploads\\\/2022\\\/08\\\/logo_full.png\",\"width\":307,\"height\":156,\"caption\":\"WWH Italia\"},\"image\":{\"@id\":\"https:\\\/\\\/www.wwhydrogen.ca\\\/#\\\/schema\\\/logo\\\/image\\\/\"}}]}<\/script>\n<!-- \/ Yoast SEO plugin. -->","yoast_head_json":{"title":"Contatti &#8211; World Wide Hydrogen","description":"Raggiungiamo insieme i tuoi obiettivi di efficienza e sostenibilit\u00e0. Contattaci per ulteriore supporto e per discutere delle opportunit\u00e0 che WWH Italia pu\u00f2 offrirti","robots":{"index":"index","follow":"follow","max-snippet":"max-snippet:-1","max-image-preview":"max-image-preview:large","max-video-preview":"max-video-preview:-1"},"canonical":"https:\/\/www.wwhydrogen.ca\/contatti\/","og_locale":"it_IT","og_type":"article","og_title":"Contatti &#8211; World Wide Hydrogen","og_description":"Raggiungiamo insieme i tuoi obiettivi di efficienza e sostenibilit\u00e0. Contattaci per ulteriore supporto e per discutere delle opportunit\u00e0 che WWH Italia pu\u00f2 offrirti","og_url":"https:\/\/www.wwhydrogen.ca\/contatti\/","og_site_name":"World Wide Hydrogen","article_modified_time":"2025-03-04T10:05:26+00:00","og_image":[{"width":1900,"height":1876,"url":"https:\/\/www.wwhydrogen.ca\/wp-content\/uploads\/2022\/07\/bruno-thethe-qyhLjwn6Gpc-unsplash-1.jpg","type":"image\/jpeg"}],"twitter_card":"summary_large_image","twitter_misc":{"Tempo di lettura stimato":"1 minuto"},"schema":{"@context":"https:\/\/schema.org","@graph":[{"@type":"WebPage","@id":"https:\/\/www.wwhydrogen.ca\/contatti\/","url":"https:\/\/www.wwhydrogen.ca\/contatti\/","name":"Contatti &#8211; World Wide Hydrogen","isPartOf":{"@id":"https:\/\/www.wwhydrogen.ca\/#website"},"primaryImageOfPage":{"@id":"https:\/\/www.wwhydrogen.ca\/contatti\/#primaryimage"},"image":{"@id":"https:\/\/www.wwhydrogen.ca\/contatti\/#primaryimage"},"thumbnailUrl":"https:\/\/www.wwhydrogen.ca\/wp-content\/uploads\/2022\/07\/bruno-thethe-qyhLjwn6Gpc-unsplash-1.jpg","datePublished":"2022-06-28T15:00:06+00:00","dateModified":"2025-03-04T10:05:26+00:00","description":"Raggiungiamo insieme i tuoi obiettivi di efficienza e sostenibilit\u00e0. Contattaci per ulteriore supporto e per discutere delle opportunit\u00e0 che WWH Italia pu\u00f2 offrirti","inLanguage":"it-IT","potentialAction":[{"@type":"ReadAction","target":["https:\/\/www.wwhydrogen.ca\/contatti\/"]}]},{"@type":"ImageObject","inLanguage":"it-IT","@id":"https:\/\/www.wwhydrogen.ca\/contatti\/#primaryimage","url":"https:\/\/www.wwhydrogen.ca\/wp-content\/uploads\/2022\/07\/bruno-thethe-qyhLjwn6Gpc-unsplash-1.jpg","contentUrl":"https:\/\/www.wwhydrogen.ca\/wp-content\/uploads\/2022\/07\/bruno-thethe-qyhLjwn6Gpc-unsplash-1.jpg","width":1900,"height":1876},{"@type":"WebSite","@id":"https:\/\/www.wwhydrogen.ca\/#website","url":"https:\/\/www.wwhydrogen.ca\/","name":"World Wide Hydrogen","description":"Use Hydrogen to breathe oxygen","publisher":{"@id":"https:\/\/www.wwhydrogen.ca\/#organization"},"potentialAction":[{"@type":"SearchAction","target":{"@type":"EntryPoint","urlTemplate":"https:\/\/www.wwhydrogen.ca\/?s={search_term_string}"},"query-input":{"@type":"PropertyValueSpecification","valueRequired":true,"valueName":"search_term_string"}}],"inLanguage":"it-IT"},{"@type":"Organization","@id":"https:\/\/www.wwhydrogen.ca\/#organization","name":"WWH Italia","url":"https:\/\/www.wwhydrogen.ca\/","logo":{"@type":"ImageObject","inLanguage":"it-IT","@id":"https:\/\/www.wwhydrogen.ca\/#\/schema\/logo\/image\/","url":"https:\/\/www.wwhydrogen.ca\/wp-content\/uploads\/2022\/08\/logo_full.png","contentUrl":"https:\/\/www.wwhydrogen.ca\/wp-content\/uploads\/2022\/08\/logo_full.png","width":307,"height":156,"caption":"WWH Italia"},"image":{"@id":"https:\/\/www.wwhydrogen.ca\/#\/schema\/logo\/image\/"}}]}},"_links":{"self":[{"href":"https:\/\/www.wwhydrogen.ca\/it\/wp-json\/wp\/v2\/pages\/43","targetHints":{"allow":["GET"]}}],"collection":[{"href":"https:\/\/www.wwhydrogen.ca\/it\/wp-json\/wp\/v2\/pages"}],"about":[{"href":"https:\/\/www.wwhydrogen.ca\/it\/wp-json\/wp\/v2\/types\/page"}],"author":[{"embeddable":true,"href":"https:\/\/www.wwhydrogen.ca\/it\/wp-json\/wp\/v2\/users\/1"}],"replies":[{"embeddable":true,"href":"https:\/\/www.wwhydrogen.ca\/it\/wp-json\/wp\/v2\/comments?post=43"}],"version-history":[{"count":14,"href":"https:\/\/www.wwhydrogen.ca\/it\/wp-json\/wp\/v2\/pages\/43\/revisions"}],"predecessor-version":[{"id":657,"href":"https:\/\/www.wwhydrogen.ca\/it\/wp-json\/wp\/v2\/pages\/43\/revisions\/657"}],"wp:featuredmedia":[{"embeddable":true,"href":"https:\/\/www.wwhydrogen.ca\/it\/wp-json\/wp\/v2\/media\/415"}],"wp:attachment":[{"href":"https:\/\/www.wwhydrogen.ca\/it\/wp-json\/wp\/v2\/media?parent=43"}],"curies":[{"name":"wp","href":"https:\/\/api.w.org\/{rel}","templated":true}]}}